{"id":1124,"date":"2023-05-02T16:23:02","date_gmt":"2023-05-02T16:23:02","guid":{"rendered":"https:\/\/arenate.com\/?page_id=1124"},"modified":"2024-02-12T14:04:11","modified_gmt":"2024-02-12T14:04:11","slug":"exchanges-and-returns","status":"publish","type":"page","link":"https:\/\/arenate.com\/de\/exchanges-and-returns\/","title":{"rendered":"EXCHANGES &#038; RETURNS"},"content":{"rendered":"<div data-elementor-type=\"wp-page\" data-elementor-id=\"1124\" class=\"elementor elementor-1124\" data-elementor-post-type=\"page\">\n\t\t\t\t\t\t<section class=\"elementor-section elementor-top-section elementor-element elementor-element-81a4e04 elementor-section-boxed elementor-section-height-default elementor-section-height-default\" data-id=\"81a4e04\" data-element_type=\"section\" data-e-type=\"section\">\n\t\t\t\t\t\t<div class=\"elementor-container elementor-column-gap-default\">\n\t\t\t\t\t<div class=\"elementor-column elementor-col-100 elementor-top-column elementor-element elementor-element-06d4108\" data-id=\"06d4108\" data-element_type=\"column\" data-e-type=\"column\">\n\t\t\t<div class=\"elementor-widget-wrap elementor-element-populated\">\n\t\t\t\t\t\t<div class=\"elementor-element elementor-element-740e4dbb elementor-widget elementor-widget-text-editor\" data-id=\"740e4dbb\" data-element_type=\"widget\" data-e-type=\"widget\" data-widget_type=\"text-editor.default\">\n\t\t\t\t<div class=\"elementor-widget-container\">\n\t\t\t\t\t\t\t\t\t<div data-pm-slice=\"1 1 []\" data-en-clipboard=\"true\"><strong>R\u00dcCKSENDUNGEN<\/strong><\/div>\t\t\t\t\t\t\t\t<\/div>\n\t\t\t\t<\/div>\n\t\t\t\t<div class=\"elementor-element elementor-element-0aa2698 elementor-widget elementor-widget-text-editor\" data-id=\"0aa2698\" data-element_type=\"widget\" data-e-type=\"widget\" data-widget_type=\"text-editor.default\">\n\t\t\t\t<div class=\"elementor-widget-container\">\n\t\t\t\t\t\t\t\t\t<div data-pm-slice=\"1 1 []\" data-en-clipboard=\"true\">Derzeit bieten wir keine kostenlosen R\u00fccksendungen an. Es ist jedoch nicht ausgeschlossen, dass wir Ihnen bei bestimmten Aktionen in Zukunft eine kostenlose R\u00fcckgabe anbieten k\u00f6nnen. Du hast das Recht, die Ware innerhalb von <strong>30 Tagen<\/strong> nach Erhalt des Pakets ohne Angabe von Gr\u00fcnden an uns zur\u00fcckzuschicken. Dies gilt nicht f\u00fcr personalisierte Artikel (Auftragsarbeiten oder \u00c4nderungen des Schmucks nach den W\u00fcnschen des Kunden).<\/div><div>\u00a0<\/div><div>Wir akzeptieren R\u00fccksendungen nur f\u00fcr neue und ungetragene Schmuckst\u00fccke. Sollte deine Bestellung einen Mangel aufweisen oder ein Schmuckst\u00fcck fehlen, muss dies vorher gemeldet werden. Schreib uns eine kurze Mail an: <span style=\"text-decoration: underline;\"><a href=\"mailto:contact@arenate.com\" target=\"_blank\" rel=\"noopener\">contact@arenate.com<\/a><\/span><\/div><div>Andernfalls kann nicht garantiert werden, dass der volle Kaufpreis zur\u00fcckerstattet werden kann.<\/div><div>\u00a0<\/div><div>Wenn du Schmuck aus verschiedenen Bestellungen in einem Paket zur\u00fcckschickst, achte bitte darauf, dass alle Schmuckst\u00fccke in den richtigen Kartons sind und dass die Lieferscheine der Bestellungen ausgef\u00fcllt sind.<\/div><div>Wenn dein R\u00fcckgaberecht \u00fcberschritten wurde und wir nicht vorher ein verl\u00e4ngertes R\u00fcckgaberecht best\u00e4tigt haben, wird deine R\u00fccksendung automatisch an dich zur\u00fcckgeschickt.<\/div>\t\t\t\t\t\t\t\t<\/div>\n\t\t\t\t<\/div>\n\t\t\t\t\t<\/div>\n\t\t<\/div>\n\t\t\t\t\t<\/div>\n\t\t<\/section>\n\t\t\t\t<section class=\"elementor-section elementor-top-section elementor-element elementor-element-e93f567 elementor-section-boxed elementor-section-height-default elementor-section-height-default\" data-id=\"e93f567\" data-element_type=\"section\" data-e-type=\"section\">\n\t\t\t\t\t\t<div class=\"elementor-container elementor-column-gap-default\">\n\t\t\t\t\t<div class=\"elementor-column elementor-col-50 elementor-top-column elementor-element elementor-element-7e5a480\" data-id=\"7e5a480\" data-element_type=\"column\" data-e-type=\"column\">\n\t\t\t<div class=\"elementor-widget-wrap elementor-element-populated\">\n\t\t\t\t\t\t<div class=\"elementor-element elementor-element-4622932 elementor-widget elementor-widget-text-editor\" data-id=\"4622932\" data-element_type=\"widget\" data-e-type=\"widget\" data-widget_type=\"text-editor.default\">\n\t\t\t\t<div class=\"elementor-widget-container\">\n\t\t\t\t\t\t\t\t\t<p><strong><span class=\"gmail_default\">\u200b<\/span>R\u00dcCKSENDUNGEN<\/strong><br \/>Wenn du ein regul\u00e4res Schmuckst\u00fcck zur\u00fcckgeben m\u00f6chtest, befolge bitte die folgenden Anweisungen:<\/p><div data-pm-slice=\"1 1 []\" data-en-clipboard=\"true\"><div>1. Deinem Paket liegt ein Lieferschein bei. Dies ist kein R\u00fccksendeetikett. Lege bitte den ausgef\u00fcllten Lieferschein deiner R\u00fccksendung bei.<\/div><div>Wenn der Lieferschein fehlt, leg bitte ein Papier mit den folgenden Informationen bei:<\/div><div>\u00a0\u00a0<\/div><div>\u00a0\u00a0 \u2013 Name<\/div><div>\u00a0\u00a0 \u2013 Bestellnummer<\/div><div>\u00a0\u00a0 \u2013 Grund der R\u00fccksendung<\/div><div>\u00a0\u00a0<\/div><div>2. K\u00fcndige die R\u00fcckgabe per email an: <span style=\"text-decoration: underline;\"><a href=\"mailto:contact@arenate.com\" rev=\"en_rl_none\">contact@arenate.com<\/a>.<\/span> Wir werden uns umgehend mit dir in Verbindung setzen und dir weitere Informationen und die R\u00fccksendeadresse per Mail zusenden.<\/div><div>\u00a0<\/div><div>3. Nachdem wir die R\u00fccksendung freigegeben haben, kannst du uns das Schmuckst\u00fcck an die angegebene Adresse schicken.<\/div><div>\u00a0<\/div><div>Wir empfehlen dir, deine R\u00fccksendung versichert an uns zu schicken und darauf zu achten, dass du eine Versandart w\u00e4hlst, bei der du eine Tracking-Nummer erh\u00e4ltst, damit wir deine R\u00fccksendung verfolgen und uns bei Bedarf mit dem entsprechenden Versandpartner in Verbindung setzen k\u00f6nnen.<\/div><div>\u00a0<\/div><div>Bei unversichertem Versand k\u00f6nnen wir dich nicht f\u00fcr Verluste entsch\u00e4digen, die durch den Postdienst entstanden sind. Bewahre bitte die Postquittung als Nachweis auf, bis die Erstattung erfolgt ist.<\/div><\/div>\t\t\t\t\t\t\t\t<\/div>\n\t\t\t\t<\/div>\n\t\t\t\t\t<\/div>\n\t\t<\/div>\n\t\t\t\t<div class=\"elementor-column elementor-col-50 elementor-top-column elementor-element elementor-element-3943e6b\" data-id=\"3943e6b\" data-element_type=\"column\" data-e-type=\"column\">\n\t\t\t<div class=\"elementor-widget-wrap elementor-element-populated\">\n\t\t\t\t\t\t<div class=\"elementor-element elementor-element-06b972a elementor-widget elementor-widget-text-editor\" data-id=\"06b972a\" data-element_type=\"widget\" data-e-type=\"widget\" data-widget_type=\"text-editor.default\">\n\t\t\t\t<div class=\"elementor-widget-container\">\n\t\t\t\t\t\t\t\t\t<div data-pm-slice=\"1 1 []\" data-en-clipboard=\"true\"><strong>BEARBEITUNG DEINER RETOUREN<\/strong><\/div><div data-pm-slice=\"1 1 []\" data-en-clipboard=\"true\">Nachdem wir Deine R\u00fccksendung erhalten haben, ben\u00f6tigen wir derzeit etwa 14 Werktage, um sie zu bearbeiten.<\/div><div>\u00a0<\/div><div>Derzeit versenden wir keine Best\u00e4tigungs-E-Mail, wenn wir eine R\u00fccksendung erhalten. Sobald wir deine R\u00fccksendung bearbeitet haben, erh\u00e4ltst du von uns eine Benachrichtigung \u00fcber deine R\u00fcckerstattung per E-Mail.<\/div><div>Bewahre bitte die Postquittung als Nachweis auf, bis die Erstattung erfolgt ist.<\/div><div>\u00a0<\/div><div>Wenn seit deiner R\u00fccksendung mehr als 17 Werktage (Mo-Fr) vergangen sind, kontaktiere uns bitte und gib uns deine Bestellnummer, das genaue Versanddatum, eine Liste der zur\u00fcckgesandten Produkte und die Tracking-Nummer der R\u00fccksendung an.<\/div>\t\t\t\t\t\t\t\t<\/div>\n\t\t\t\t<\/div>\n\t\t\t\t<div class=\"elementor-element elementor-element-6132759 elementor-hidden-mobile elementor-widget elementor-widget-spacer\" data-id=\"6132759\" data-element_type=\"widget\" data-e-type=\"widget\" data-widget_type=\"spacer.default\">\n\t\t\t\t<div class=\"elementor-widget-container\">\n\t\t\t\t\t\t\t<div class=\"elementor-spacer\">\n\t\t\t<div class=\"elementor-spacer-inner\"><\/div>\n\t\t<\/div>\n\t\t\t\t\t\t<\/div>\n\t\t\t\t<\/div>\n\t\t\t\t<div class=\"elementor-element elementor-element-bbfe023 elementor-widget elementor-widget-text-editor\" data-id=\"bbfe023\" data-element_type=\"widget\" data-e-type=\"widget\" data-widget_type=\"text-editor.default\">\n\t\t\t\t<div class=\"elementor-widget-container\">\n\t\t\t\t\t\t\t\t\t<div data-pm-slice=\"1 1 []\" data-en-clipboard=\"true\"><div data-pm-slice=\"1 1 []\" data-en-clipboard=\"true\"><strong>UMTAUSCH<\/strong><\/div><div data-pm-slice=\"1 1 []\" data-en-clipboard=\"true\">Ein Umtausch ist bei uns nicht m\u00f6glich. Wir bieten die M\u00f6glichkeit einer R\u00fcckgabe innerhalb von 30 Tagen nach Erhalt.<\/div><div>Sobald deine R\u00fccksendung in unserem Lager eintrifft, erstatten wir dir den Betrag und du kannst wie gewohnt eine neue Bestellung mit dem gew\u00fcnschten Artikel aufgeben.<\/div><\/div>\t\t\t\t\t\t\t\t<\/div>\n\t\t\t\t<\/div>\n\t\t\t\t\t<\/div>\n\t\t<\/div>\n\t\t\t\t\t<\/div>\n\t\t<\/section>\n\t\t\t\t<\/div>","protected":false},"excerpt":{"rendered":"<p>RETURN POLICYCurrently, we do not offer free returns. However, it is not excluded that we can offer you a free return on certain promotions in the future. You have the right to return the goods within 30 days after receipt of the package without giving any reason.\u00a0This does not apply to personalized items (commissioned work [&hellip;]<\/p>\n","protected":false},"author":1,"featured_media":0,"parent":0,"menu_order":0,"comment_status":"closed","ping_status":"closed","template":"","meta":{"_acf_changed":false,"ocean_post_layout":"full-screen","ocean_both_sidebars_style":"","ocean_both_sidebars_content_width":0,"ocean_both_sidebars_sidebars_width":0,"ocean_sidebar":"0","ocean_second_sidebar":"0","ocean_disable_margins":"enable","ocean_add_body_class":"","ocean_shortcode_before_top_bar":"","ocean_shortcode_after_top_bar":"","ocean_shortcode_before_header":"","ocean_shortcode_after_header":"","ocean_has_shortcode":"","ocean_shortcode_after_title":"","ocean_shortcode_before_footer_widgets":"","ocean_shortcode_after_footer_widgets":"","ocean_shortcode_before_footer_bottom":"","ocean_shortcode_after_footer_bottom":"","ocean_display_top_bar":"default","ocean_display_header":"default","ocean_header_style":"","ocean_center_header_left_menu":"0","ocean_custom_header_template":"0","ocean_custom_logo":0,"ocean_custom_retina_logo":0,"ocean_custom_logo_max_width":0,"ocean_custom_logo_tablet_max_width":0,"ocean_custom_logo_mobile_max_width":0,"ocean_custom_logo_max_height":0,"ocean_custom_logo_tablet_max_height":0,"ocean_custom_logo_mobile_max_height":0,"ocean_header_custom_menu":"0","ocean_menu_typo_font_family":"0","ocean_menu_typo_font_subset":"","ocean_menu_typo_font_size":0,"ocean_menu_typo_font_size_tablet":0,"ocean_menu_typo_font_size_mobile":0,"ocean_menu_typo_font_size_unit":"px","ocean_menu_typo_font_weight":"","ocean_menu_typo_font_weight_tablet":"","ocean_menu_typo_font_weight_mobile":"","ocean_menu_typo_transform":"","ocean_menu_typo_transform_tablet":"","ocean_menu_typo_transform_mobile":"","ocean_menu_typo_line_height":0,"ocean_menu_typo_line_height_tablet":0,"ocean_menu_typo_line_height_mobile":0,"ocean_menu_typo_line_height_unit":"","ocean_menu_typo_spacing":0,"ocean_menu_typo_spacing_tablet":0,"ocean_menu_typo_spacing_mobile":0,"ocean_menu_typo_spacing_unit":"","ocean_menu_link_color":"","ocean_menu_link_color_hover":"","ocean_menu_link_color_active":"","ocean_menu_link_background":"","ocean_menu_link_hover_background":"","ocean_menu_link_active_background":"","ocean_menu_social_links_bg":"","ocean_menu_social_hover_links_bg":"","ocean_menu_social_links_color":"","ocean_menu_social_hover_links_color":"","ocean_disable_title":"on","ocean_disable_heading":"default","ocean_post_title":"","ocean_post_subheading":"","ocean_post_title_style":"","ocean_post_title_background_color":"","ocean_post_title_background":0,"ocean_post_title_bg_image_position":"","ocean_post_title_bg_image_attachment":"","ocean_post_title_bg_image_repeat":"","ocean_post_title_bg_image_size":"","ocean_post_title_height":0,"ocean_post_title_bg_overlay":0.5,"ocean_post_title_bg_overlay_color":"","ocean_disable_breadcrumbs":"default","ocean_breadcrumbs_color":"","ocean_breadcrumbs_separator_color":"","ocean_breadcrumbs_links_color":"","ocean_breadcrumbs_links_hover_color":"","ocean_display_footer_widgets":"default","ocean_display_footer_bottom":"default","ocean_custom_footer_template":"0","footnotes":""},"class_list":["post-1124","page","type-page","status-publish","hentry","entry","owp-thumbs-layout-horizontal","owp-btn-normal","owp-tabs-layout-horizontal","has-no-thumbnails"],"acf":[],"_links":{"self":[{"href":"https:\/\/arenate.com\/de\/wp-json\/wp\/v2\/pages\/1124","targetHints":{"allow":["GET"]}}],"collection":[{"href":"https:\/\/arenate.com\/de\/wp-json\/wp\/v2\/pages"}],"about":[{"href":"https:\/\/arenate.com\/de\/wp-json\/wp\/v2\/types\/page"}],"author":[{"embeddable":true,"href":"https:\/\/arenate.com\/de\/wp-json\/wp\/v2\/users\/1"}],"replies":[{"embeddable":true,"href":"https:\/\/arenate.com\/de\/wp-json\/wp\/v2\/comments?post=1124"}],"version-history":[{"count":90,"href":"https:\/\/arenate.com\/de\/wp-json\/wp\/v2\/pages\/1124\/revisions"}],"predecessor-version":[{"id":1967,"href":"https:\/\/arenate.com\/de\/wp-json\/wp\/v2\/pages\/1124\/revisions\/1967"}],"wp:attachment":[{"href":"https:\/\/arenate.com\/de\/wp-json\/wp\/v2\/media?parent=1124"}],"curies":[{"name":"wp","href":"https:\/\/api.w.org\/{rel}","templated":true}]}}