{"id":38,"date":"2020-06-29T09:53:49","date_gmt":"2020-06-29T09:53:49","guid":{"rendered":"http:\/\/arenate.com\/?page_id=38"},"modified":"2024-05-24T13:55:35","modified_gmt":"2024-05-24T13:55:35","slug":"the-brand","status":"publish","type":"page","link":"https:\/\/arenate.com\/de\/the-brand\/","title":{"rendered":"THE BRAND"},"content":{"rendered":"<div data-elementor-type=\"wp-page\" data-elementor-id=\"38\" class=\"elementor elementor-38\" data-elementor-post-type=\"page\">\n\t\t\t\t\t\t<section class=\"elementor-section elementor-top-section elementor-element elementor-element-6d315f1 elementor-section-full_width elementor-section-height-default elementor-section-height-default\" data-id=\"6d315f1\" data-element_type=\"section\" data-e-type=\"section\">\n\t\t\t\t\t\t<div class=\"elementor-container elementor-column-gap-no\">\n\t\t\t\t\t<div class=\"elementor-column elementor-col-100 elementor-top-column elementor-element elementor-element-3207e33\" data-id=\"3207e33\" data-element_type=\"column\" data-e-type=\"column\">\n\t\t\t<div class=\"elementor-widget-wrap elementor-element-populated\">\n\t\t\t\t\t\t<div class=\"elementor-element elementor-element-64b0e416 elementor-hidden-mobile elementor-widget elementor-widget-image\" data-id=\"64b0e416\" data-element_type=\"widget\" data-e-type=\"widget\" data-widget_type=\"image.default\">\n\t\t\t\t<div class=\"elementor-widget-container\">\n\t\t\t\t\t\t\t\t\t\t\t\t\t\t\t<img fetchpriority=\"high\" decoding=\"async\" width=\"2560\" height=\"640\" src=\"https:\/\/arenate.com\/wp-content\/uploads\/2024\/04\/Header2-scaled.jpg\" class=\"attachment-full size-full wp-image-2419\" alt=\"\" srcset=\"https:\/\/arenate.com\/wp-content\/uploads\/2024\/04\/Header2-scaled.jpg 2560w, https:\/\/arenate.com\/wp-content\/uploads\/2024\/04\/Header2-300x75.jpg 300w, https:\/\/arenate.com\/wp-content\/uploads\/2024\/04\/Header2-1024x256.jpg 1024w, https:\/\/arenate.com\/wp-content\/uploads\/2024\/04\/Header2-768x192.jpg 768w, https:\/\/arenate.com\/wp-content\/uploads\/2024\/04\/Header2-1536x384.jpg 1536w, https:\/\/arenate.com\/wp-content\/uploads\/2024\/04\/Header2-2048x512.jpg 2048w, https:\/\/arenate.com\/wp-content\/uploads\/2024\/04\/Header2-18x5.jpg 18w, https:\/\/arenate.com\/wp-content\/uploads\/2024\/04\/Header2-600x150.jpg 600w\" sizes=\"(max-width: 2560px) 100vw, 2560px\" \/>\t\t\t\t\t\t\t\t\t\t\t\t\t\t\t<\/div>\n\t\t\t\t<\/div>\n\t\t\t\t<div class=\"elementor-element elementor-element-9f24b92 elementor-hidden-desktop elementor-hidden-tablet elementor-widget elementor-widget-image\" data-id=\"9f24b92\" data-element_type=\"widget\" data-e-type=\"widget\" data-widget_type=\"image.default\">\n\t\t\t\t<div class=\"elementor-widget-container\">\n\t\t\t\t\t\t\t\t\t\t\t\t\t\t\t<img decoding=\"async\" width=\"1566\" height=\"1566\" src=\"https:\/\/arenate.com\/wp-content\/uploads\/2022\/11\/221110_Arenate_Kopejka_silver_2-Kopie.jpg\" class=\"attachment-full size-full wp-image-2238\" alt=\"\" srcset=\"https:\/\/arenate.com\/wp-content\/uploads\/2022\/11\/221110_Arenate_Kopejka_silver_2-Kopie.jpg 1566w, https:\/\/arenate.com\/wp-content\/uploads\/2022\/11\/221110_Arenate_Kopejka_silver_2-Kopie-300x300.jpg 300w, https:\/\/arenate.com\/wp-content\/uploads\/2022\/11\/221110_Arenate_Kopejka_silver_2-Kopie-1024x1024.jpg 1024w, https:\/\/arenate.com\/wp-content\/uploads\/2022\/11\/221110_Arenate_Kopejka_silver_2-Kopie-150x150.jpg 150w, https:\/\/arenate.com\/wp-content\/uploads\/2022\/11\/221110_Arenate_Kopejka_silver_2-Kopie-768x768.jpg 768w, https:\/\/arenate.com\/wp-content\/uploads\/2022\/11\/221110_Arenate_Kopejka_silver_2-Kopie-1536x1536.jpg 1536w, https:\/\/arenate.com\/wp-content\/uploads\/2022\/11\/221110_Arenate_Kopejka_silver_2-Kopie-12x12.jpg 12w, https:\/\/arenate.com\/wp-content\/uploads\/2022\/11\/221110_Arenate_Kopejka_silver_2-Kopie-600x600.jpg 600w, https:\/\/arenate.com\/wp-content\/uploads\/2022\/11\/221110_Arenate_Kopejka_silver_2-Kopie-100x100.jpg 100w\" sizes=\"(max-width: 1566px) 100vw, 1566px\" \/>\t\t\t\t\t\t\t\t\t\t\t\t\t\t\t<\/div>\n\t\t\t\t<\/div>\n\t\t\t\t\t<\/div>\n\t\t<\/div>\n\t\t\t\t\t<\/div>\n\t\t<\/section>\n\t\t\t\t<section class=\"elementor-section elementor-top-section elementor-element elementor-element-a7b51a1 elementor-section-boxed elementor-section-height-default elementor-section-height-default\" data-id=\"a7b51a1\" data-element_type=\"section\" data-e-type=\"section\">\n\t\t\t\t\t\t<div class=\"elementor-container elementor-column-gap-no\">\n\t\t\t\t\t<div class=\"elementor-column elementor-col-100 elementor-top-column elementor-element elementor-element-0633ed9\" data-id=\"0633ed9\" data-element_type=\"column\" data-e-type=\"column\">\n\t\t\t<div class=\"elementor-widget-wrap elementor-element-populated\">\n\t\t\t\t\t\t<div class=\"elementor-element elementor-element-dd1fe2c elementor-widget elementor-widget-text-editor\" data-id=\"dd1fe2c\" data-element_type=\"widget\" data-e-type=\"widget\" data-widget_type=\"text-editor.default\">\n\t\t\t\t<div class=\"elementor-widget-container\">\n\t\t\t\t\t\t\t\t\t<p><strong>ARENATE | THE BRAND<\/strong><\/p>\t\t\t\t\t\t\t\t<\/div>\n\t\t\t\t<\/div>\n\t\t\t\t<div class=\"elementor-element elementor-element-796fb8c elementor-widget elementor-widget-text-editor\" data-id=\"796fb8c\" data-element_type=\"widget\" data-e-type=\"widget\" data-widget_type=\"text-editor.default\">\n\t\t\t\t<div class=\"elementor-widget-container\">\n\t\t\t\t\t\t\t\t\t<div>Wir sind fasziniert von der Kreation von Schmuck, der mit Bedeutung erf\u00fcllt ist und Botschaften enth\u00e4lt, die unter den oberfl\u00e4chlichen Schichten verborgen sind und in erster Linie nur der Tr\u00e4gerin oder dem Tr\u00e4ger bewusst sind.\nDas Thema der in Schmuck eingebetteten Bedeutungsschichten hat eine sehr lange Tradition. Antike Schmuckst\u00fccke sind nicht nur Objekte blo\u00dfer \u00e4u\u00dferer Sch\u00f6nheit, sondern tragen eine Vielzahl verwobener Bedeutungen in sich: in den gew\u00e4hlten Materialien, den Farben, Formen und Gestalten, der dargestellten Ikonografie sowie in den Techniken der Herstellung.<\/div><div>\u00a0<\/div><div>Unsere Schmuckst\u00fccke haben meist einen geschichtlichen Bezug, wobei wir in Anlehnung an historische Vorbilder diese Schmuckst\u00fccke neu und zeitgem\u00e4\u00df interpretieren.<\/div><div>Das Ergebnis sind Schmuckst\u00fccke die im Gegenteil nicht zeitlos sondern von mehreren Zeitgeistern gepr\u00e4gt sind und umspannen dadurch einen Zeitraum, der den Vergangenen mit dem Heutigen wechselwirken l\u00e4sst.<\/div><div>\u00a0<\/div><div>ARENATE ist ein Schmucklabel mit Sitz in Berlin, Deutschland.<\/div><div>\u00a0<\/div>\t\t\t\t\t\t\t\t<\/div>\n\t\t\t\t<\/div>\n\t\t\t\t<div class=\"elementor-element elementor-element-f5bcdf9 elementor-widget elementor-widget-text-editor\" data-id=\"f5bcdf9\" data-element_type=\"widget\" data-e-type=\"widget\" data-widget_type=\"text-editor.default\">\n\t\t\t\t<div class=\"elementor-widget-container\">\n\t\t\t\t\t\t\t\t\t<p><strong>* F\u00fcr unsere Fotoshootings mussten keine Models leiden oder hungern. Es wurden nur Bilder von KI-generierten Models verwendet, um zu zeigen, wie unser Schmuck (in Originalgr\u00f6\u00dfe) aussieht, wenn er am K\u00f6rper getragen wird. Sollte sich dies \u00e4ndern, werden wir euch rechtzeitig dar\u00fcber informieren.<\/strong><\/p>\t\t\t\t\t\t\t\t<\/div>\n\t\t\t\t<\/div>\n\t\t\t\t\t<\/div>\n\t\t<\/div>\n\t\t\t\t\t<\/div>\n\t\t<\/section>\n\t\t\t\t<section class=\"elementor-section elementor-top-section elementor-element elementor-element-0ac891d elementor-section-boxed elementor-section-height-default elementor-section-height-default\" data-id=\"0ac891d\" data-element_type=\"section\" data-e-type=\"section\">\n\t\t\t\t\t\t<div class=\"elementor-container elementor-column-gap-default\">\n\t\t\t\t\t<div class=\"elementor-column elementor-col-50 elementor-top-column elementor-element elementor-element-25382d2\" data-id=\"25382d2\" data-element_type=\"column\" data-e-type=\"column\">\n\t\t\t<div class=\"elementor-widget-wrap elementor-element-populated\">\n\t\t\t\t\t\t<div class=\"elementor-element elementor-element-1cfcf46 elementor-widget elementor-widget-text-editor\" data-id=\"1cfcf46\" data-element_type=\"widget\" data-e-type=\"widget\" data-widget_type=\"text-editor.default\">\n\t\t\t\t<div class=\"elementor-widget-container\">\n\t\t\t\t\t\t\t\t\t<div><strong>FERTIGUNG UND LIEFERZEITEN<\/strong><\/div><div>\u00a0<\/div><div>Wir versuchen so viel wie m\u00f6glich selbst 'aus eigener Hand' zu fertigen (in-house production) , sind aber bei bestimmten Schmucktteilen auf die Lieferzeiten unserer Partner (Gie\u00dferei) und Zulieferer (Furnituren und Steine) angewiesen und gebunden. Deshalb sind einige Schmuckst\u00fccke bereits nach 3-5 Werktagen versandfertig, andere erst in 3-4 Wochen, je nach Fertigungs- und Lieferzeiten unserer Partner.<\/div><div>\u00a0<\/div><div>Wir fertigen was gebraucht und gew\u00fcnscht wird und passen uns somit den Vorstellungen und W\u00fcnschen unserer Kunden an. On demand Produktion senkt unsere wie auch deine Kosten was die Fertigung der Schmuckst\u00fccke betrifft und ist nachhaltiger, da resourcenschonender, und unkomplizierter als eine aufw\u00e4ndige Lagerorganisation und Vorratshaltung.<\/div>\t\t\t\t\t\t\t\t<\/div>\n\t\t\t\t<\/div>\n\t\t\t\t\t<\/div>\n\t\t<\/div>\n\t\t\t\t<div class=\"elementor-column elementor-col-50 elementor-top-column elementor-element elementor-element-f166b88\" data-id=\"f166b88\" data-element_type=\"column\" data-e-type=\"column\">\n\t\t\t<div class=\"elementor-widget-wrap elementor-element-populated\">\n\t\t\t\t\t\t<div class=\"elementor-element elementor-element-ae8ee77 elementor-widget elementor-widget-text-editor\" data-id=\"ae8ee77\" data-element_type=\"widget\" data-e-type=\"widget\" data-widget_type=\"text-editor.default\">\n\t\t\t\t<div class=\"elementor-widget-container\">\n\t\t\t\t\t\t\t\t\t<div><div><strong>FRAGEN &amp; W\u00dcNSCHE<\/strong><\/div><div>\u00a0<\/div><div>Bei Fragen zu unseren Produkten, Veredelungsm\u00f6glichkeiten oder Farbw\u00fcnschen bei Steinen schick uns einfach eine Nachricht an <span style=\"text-decoration: underline;\"><a href=\"mailto:contact@arenate.com\" target=\"_blank\" rel=\"noopener\">contact@arenate.com<\/a><\/span>.<\/div><div>\u00a0<\/div><div>Kleinere Anpassungen wie gew\u00fcnschte Legierungen (z.b. Gold, Silber, Vergoldung), spezielle Gr\u00f6\u00dfen (z.B. Ringgr\u00f6\u00dfen, Armreifgr\u00f6\u00dfen) oder L\u00e4ngen (Ketten) k\u00f6nnen auf Anfrage unter Ber\u00fccksichtigung von Mehraufwand und Mehrkosten gefertigt werden. Schreib uns uns einfach an und wir schicken dir ein Angebot, das du sicher nicht ablehnen kannst.\nWir melden uns so schnell wie m\u00f6glich bei dir.<\/div><\/div>\t\t\t\t\t\t\t\t<\/div>\n\t\t\t\t<\/div>\n\t\t\t\t\t<\/div>\n\t\t<\/div>\n\t\t\t\t\t<\/div>\n\t\t<\/section>\n\t\t\t\t<\/div>","protected":false},"excerpt":{"rendered":"<p>ARENATE | THE BRAND We are fascinated by the creation of jewelry that is filled with meaning and contains messages that are hidden beneath the superficial layers, primarily conscious only to the wearer. The theme of layered meanings embedded in jewelry has a very long tradition. Ancient jewelry pieces, beyond objects of mere external beauty, [&hellip;]<\/p>\n","protected":false},"author":1,"featured_media":2343,"parent":0,"menu_order":0,"comment_status":"closed","ping_status":"closed","template":"","meta":{"_acf_changed":false,"ocean_post_layout":"full-screen","ocean_both_sidebars_style":"","ocean_both_sidebars_content_width":0,"ocean_both_sidebars_sidebars_width":0,"ocean_sidebar":"0","ocean_second_sidebar":"0","ocean_disable_margins":"enable","ocean_add_body_class":"","ocean_shortcode_before_top_bar":"","ocean_shortcode_after_top_bar":"","ocean_shortcode_before_header":"","ocean_shortcode_after_header":"","ocean_has_shortcode":"","ocean_shortcode_after_title":"","ocean_shortcode_before_footer_widgets":"","ocean_shortcode_after_footer_widgets":"","ocean_shortcode_before_footer_bottom":"","ocean_shortcode_after_footer_bottom":"","ocean_display_top_bar":"default","ocean_display_header":"default","ocean_header_style":"","ocean_center_header_left_menu":"0","ocean_custom_header_template":"0","ocean_custom_logo":0,"ocean_custom_retina_logo":0,"ocean_custom_logo_max_width":0,"ocean_custom_logo_tablet_max_width":0,"ocean_custom_logo_mobile_max_width":0,"ocean_custom_logo_max_height":0,"ocean_custom_logo_tablet_max_height":0,"ocean_custom_logo_mobile_max_height":0,"ocean_header_custom_menu":"0","ocean_menu_typo_font_family":"0","ocean_menu_typo_font_subset":"","ocean_menu_typo_font_size":0,"ocean_menu_typo_font_size_tablet":0,"ocean_menu_typo_font_size_mobile":0,"ocean_menu_typo_font_size_unit":"px","ocean_menu_typo_font_weight":"","ocean_menu_typo_font_weight_tablet":"","ocean_menu_typo_font_weight_mobile":"","ocean_menu_typo_transform":"","ocean_menu_typo_transform_tablet":"","ocean_menu_typo_transform_mobile":"","ocean_menu_typo_line_height":0,"ocean_menu_typo_line_height_tablet":0,"ocean_menu_typo_line_height_mobile":0,"ocean_menu_typo_line_height_unit":"","ocean_menu_typo_spacing":0,"ocean_menu_typo_spacing_tablet":0,"ocean_menu_typo_spacing_mobile":0,"ocean_menu_typo_spacing_unit":"","ocean_menu_link_color":"","ocean_menu_link_color_hover":"","ocean_menu_link_color_active":"","ocean_menu_link_background":"","ocean_menu_link_hover_background":"","ocean_menu_link_active_background":"","ocean_menu_social_links_bg":"","ocean_menu_social_hover_links_bg":"","ocean_menu_social_links_color":"","ocean_menu_social_hover_links_color":"","ocean_disable_title":"on","ocean_disable_heading":"default","ocean_post_title":"","ocean_post_subheading":"","ocean_post_title_style":"","ocean_post_title_background_color":"","ocean_post_title_background":0,"ocean_post_title_bg_image_position":"","ocean_post_title_bg_image_attachment":"","ocean_post_title_bg_image_repeat":"","ocean_post_title_bg_image_size":"","ocean_post_title_height":0,"ocean_post_title_bg_overlay":0.5,"ocean_post_title_bg_overlay_color":"","ocean_disable_breadcrumbs":"default","ocean_breadcrumbs_color":"","ocean_breadcrumbs_separator_color":"","ocean_breadcrumbs_links_color":"","ocean_breadcrumbs_links_hover_color":"","ocean_display_footer_widgets":"default","ocean_display_footer_bottom":"default","ocean_custom_footer_template":"0","footnotes":""},"class_list":["post-38","page","type-page","status-publish","has-post-thumbnail","hentry","entry","has-media","owp-thumbs-layout-horizontal","owp-btn-normal","owp-tabs-layout-horizontal","has-no-thumbnails"],"acf":[],"_links":{"self":[{"href":"https:\/\/arenate.com\/de\/wp-json\/wp\/v2\/pages\/38","targetHints":{"allow":["GET"]}}],"collection":[{"href":"https:\/\/arenate.com\/de\/wp-json\/wp\/v2\/pages"}],"about":[{"href":"https:\/\/arenate.com\/de\/wp-json\/wp\/v2\/types\/page"}],"author":[{"embeddable":true,"href":"https:\/\/arenate.com\/de\/wp-json\/wp\/v2\/users\/1"}],"replies":[{"embeddable":true,"href":"https:\/\/arenate.com\/de\/wp-json\/wp\/v2\/comments?post=38"}],"version-history":[{"count":278,"href":"https:\/\/arenate.com\/de\/wp-json\/wp\/v2\/pages\/38\/revisions"}],"predecessor-version":[{"id":2608,"href":"https:\/\/arenate.com\/de\/wp-json\/wp\/v2\/pages\/38\/revisions\/2608"}],"wp:featuredmedia":[{"embeddable":true,"href":"https:\/\/arenate.com\/de\/wp-json\/wp\/v2\/media\/2343"}],"wp:attachment":[{"href":"https:\/\/arenate.com\/de\/wp-json\/wp\/v2\/media?parent=38"}],"curies":[{"name":"wp","href":"https:\/\/api.w.org\/{rel}","templated":true}]}}