{"id":1479,"date":"2023-05-12T13:20:35","date_gmt":"2023-05-12T13:20:35","guid":{"rendered":"https:\/\/arenate.com\/?post_type=product&#038;p=1479"},"modified":"2024-04-29T19:31:04","modified_gmt":"2024-04-29T19:31:04","slug":"artdeco-bangle-slim","status":"publish","type":"product","link":"https:\/\/arenate.com\/de\/produkt\/artdeco-bangle-slim\/","title":{"rendered":"ARTD\u00c9CO | ARMREIF SCHMAL"},"content":{"rendered":"","protected":false},"excerpt":{"rendered":"<ul>\n<li data-pm-slice=\"1 1 []\" data-en-clipboard=\"true\">\n<h5>Schimmernder Glasarmreif im Stil des Art D\u00e9co<\/h5>\n<\/li>\n<li><\/li>\n<li>Wie durch einen Kristalll\u00fcster gebrochenes Licht schimmert dieses Glasarmreif im Art D\u00e9co-Stil der 1920er Jahre am Handgelenk. Massive Glasst\u00e4be wurden minimalistisch in poliertes Messing eingefasst und reflektieren das Licht wie Prismen, geben aber dennoch den Blick auf das Handgelenk der Tr\u00e4gerin frei.<\/li>\n<\/ul>\n<p>&nbsp;<\/p>\n<ul>\n<li>Material: Glas, poliertes Messing<\/li>\n<li>Breite des Armreifs: 25 mm<\/li>\n<li>Herstellungszeit: 3-4 Wochen<\/li>\n<li>Hergestellt in Berlin, Deutschland<\/li>\n<\/ul>\n<p>&nbsp;<\/p>\n<ul>\n<li>Die Herstellungszeit dieses Armreifs kann bis zu 4 Wochen dauern, da die Messingteile auf Bestellung gefertigt und von unserer Partnergie\u00dferei produziert werden. Das f\u00fcr diesen Armreif verwendete Glas besteht aus Borosilikatglas und ist daher sehr robust und resistent gegen Chemikalien und Temperaturen. Dennoch ist Glas ein zerbrechliches Material. Behandle dieses Schmuckst\u00fcck daher mit Sorgfalt.<\/li>\n<\/ul>\n<p>&nbsp;<\/p>\n<ul>\n<li>Du bist dir nicht sicher \u00fcber die passende Gr\u00f6\u00dfe? Werfe einen Blick auf unsere <a href=\"https:\/\/arenate.com\/de\/size-guide\/\" rev=\"en_rl_none\"><u>Gr\u00f6\u00dfentabelle.<\/u><\/a>.<\/li>\n<\/ul>","protected":false},"featured_media":1780,"template":"","meta":{"_acf_changed":false,"ocean_post_layout":"","ocean_both_sidebars_style":"","ocean_both_sidebars_content_width":0,"ocean_both_sidebars_sidebars_width":0,"ocean_sidebar":"0","ocean_second_sidebar":"0","ocean_disable_margins":"enable","ocean_add_body_class":"","ocean_shortcode_before_top_bar":"","ocean_shortcode_after_top_bar":"","ocean_shortcode_before_header":"","ocean_shortcode_after_header":"","ocean_has_shortcode":"","ocean_shortcode_after_title":"","ocean_shortcode_before_footer_widgets":"","ocean_shortcode_after_footer_widgets":"","ocean_shortcode_before_footer_bottom":"","ocean_shortcode_after_footer_bottom":"","ocean_display_top_bar":"default","ocean_display_header":"default","ocean_header_style":"","ocean_center_header_left_menu":"0","ocean_custom_header_template":"0","ocean_custom_logo":0,"ocean_custom_retina_logo":0,"ocean_custom_logo_max_width":0,"ocean_custom_logo_tablet_max_width":0,"ocean_custom_logo_mobile_max_width":0,"ocean_custom_logo_max_height":0,"ocean_custom_logo_tablet_max_height":0,"ocean_custom_logo_mobile_max_height":0,"ocean_header_custom_menu":"0","ocean_menu_typo_font_family":"0","ocean_menu_typo_font_subset":"","ocean_menu_typo_font_size":0,"ocean_menu_typo_font_size_tablet":0,"ocean_menu_typo_font_size_mobile":0,"ocean_menu_typo_font_size_unit":"px","ocean_menu_typo_font_weight":"","ocean_menu_typo_font_weight_tablet":"","ocean_menu_typo_font_weight_mobile":"","ocean_menu_typo_transform":"","ocean_menu_typo_transform_tablet":"","ocean_menu_typo_transform_mobile":"","ocean_menu_typo_line_height":0,"ocean_menu_typo_line_height_tablet":0,"ocean_menu_typo_line_height_mobile":0,"ocean_menu_typo_line_height_unit":"","ocean_menu_typo_spacing":0,"ocean_menu_typo_spacing_tablet":0,"ocean_menu_typo_spacing_mobile":0,"ocean_menu_typo_spacing_unit":"","ocean_menu_link_color":"","ocean_menu_link_color_hover":"","ocean_menu_link_color_active":"","ocean_menu_link_background":"","ocean_menu_link_hover_background":"","ocean_menu_link_active_background":"","ocean_menu_social_links_bg":"","ocean_menu_social_hover_links_bg":"","ocean_menu_social_links_color":"","ocean_menu_social_hover_links_color":"","ocean_disable_title":"default","ocean_disable_heading":"default","ocean_post_title":"","ocean_post_subheading":"","ocean_post_title_style":"","ocean_post_title_background_color":"","ocean_post_title_background":0,"ocean_post_title_bg_image_position":"","ocean_post_title_bg_image_attachment":"","ocean_post_title_bg_image_repeat":"","ocean_post_title_bg_image_size":"","ocean_post_title_height":0,"ocean_post_title_bg_overlay":0.5,"ocean_post_title_bg_overlay_color":"","ocean_disable_breadcrumbs":"default","ocean_breadcrumbs_color":"","ocean_breadcrumbs_separator_color":"","ocean_breadcrumbs_links_color":"","ocean_breadcrumbs_links_hover_color":"","ocean_display_footer_widgets":"default","ocean_display_footer_bottom":"default","ocean_custom_footer_template":"0"},"product_brand":[],"product_cat":[61,36,23],"product_tag":[69,65,64,53,54,66,45,67,68],"class_list":{"0":"post-1479","1":"product","2":"type-product","3":"status-publish","4":"has-post-thumbnail","6":"product_cat-bangles","7":"product_cat-bracelets","8":"product_cat-new-in","9":"product_tag-armband","10":"product_tag-armreif","11":"product_tag-bangle","12":"product_tag-bracelet","13":"product_tag-brass","14":"product_tag-glas","15":"product_tag-glass","16":"product_tag-messing","17":"product_tag-reif","19":"entry","20":"has-media","22":"first","23":"instock","24":"taxable","25":"shipping-taxable","26":"purchasable","27":"product-type-simple","28":"col","29":"span_1_of_5","30":"owp-content-center","31":"item-entry","32":"owp-thumbs-layout-horizontal","33":"owp-btn-normal","34":"owp-tabs-layout-horizontal"},"acf":[],"_links":{"self":[{"href":"https:\/\/arenate.com\/de\/wp-json\/wp\/v2\/product\/1479","targetHints":{"allow":["GET"]}}],"collection":[{"href":"https:\/\/arenate.com\/de\/wp-json\/wp\/v2\/product"}],"about":[{"href":"https:\/\/arenate.com\/de\/wp-json\/wp\/v2\/types\/product"}],"version-history":[{"count":24,"href":"https:\/\/arenate.com\/de\/wp-json\/wp\/v2\/product\/1479\/revisions"}],"predecessor-version":[{"id":2546,"href":"https:\/\/arenate.com\/de\/wp-json\/wp\/v2\/product\/1479\/revisions\/2546"}],"wp:featuredmedia":[{"embeddable":true,"href":"https:\/\/arenate.com\/de\/wp-json\/wp\/v2\/media\/1780"}],"wp:attachment":[{"href":"https:\/\/arenate.com\/de\/wp-json\/wp\/v2\/media?parent=1479"}],"wp:term":[{"taxonomy":"product_brand","embeddable":true,"href":"https:\/\/arenate.com\/de\/wp-json\/wp\/v2\/product_brand?post=1479"},{"taxonomy":"product_cat","embeddable":true,"href":"https:\/\/arenate.com\/de\/wp-json\/wp\/v2\/product_cat?post=1479"},{"taxonomy":"product_tag","embeddable":true,"href":"https:\/\/arenate.com\/de\/wp-json\/wp\/v2\/product_tag?post=1479"}],"curies":[{"name":"wp","href":"https:\/\/api.w.org\/{rel}","templated":true}]}}