{"id":1506,"date":"2023-05-16T13:54:21","date_gmt":"2023-05-16T13:54:21","guid":{"rendered":"https:\/\/arenate.com\/?post_type=product&#038;p=1506"},"modified":"2024-04-29T19:42:42","modified_gmt":"2024-04-29T19:42:42","slug":"statement-d-ring-silver","status":"publish","type":"product","link":"https:\/\/arenate.com\/de\/produkt\/statement-d-ring-silver\/","title":{"rendered":"STATEMENT D* | RING SILBER"},"content":{"rendered":"","protected":false},"excerpt":{"rendered":"<div data-pm-slice=\"1 1 []\" data-en-clipboard=\"true\">\n<ul>\n<li data-pm-slice=\"1 1 []\" data-en-clipboard=\"true\">\n<h5>Verschweige nichts<\/h5>\n<\/li>\n<li data-pm-slice=\"1 1 []\" data-en-clipboard=\"true\"><\/li>\n<li>\n<div data-pm-slice=\"1 1 []\" data-en-clipboard=\"true\">Ein Ring sagt mehr als tausend Worte. Massive Statement-Ringe f\u00fcr alles was wir denken, aber manchmal nicht sagen k\u00f6nnen.<\/div>\n<\/li>\n<\/ul>\n<p>&nbsp;<\/p>\n<\/div>\n<ul>\n<li>\n<div data-pm-slice=\"1 1 []\" data-en-clipboard=\"true\">\n<div data-pm-slice=\"1 1 []\" data-en-clipboard=\"true\">Breite des Rings: 9,6 mm<\/div>\n<div>Material: 925er Silberring<\/div>\n<div>Herstellungszeit: 3-4 Wochen<\/div>\n<div>Hergestellt in Berlin, Deutschland<\/div>\n<\/div>\n<\/li>\n<\/ul>\n<p>&nbsp;<\/p>\n<ul>\n<li>Die Herstellungszeit dieses Rings kann bis zu 4 Wochen dauern, da die Silberteile auf Bestellung gefertigt und von unserer Partnergie\u00dferei produziert werden.<\/li>\n<\/ul>\n<p>&nbsp;<\/p>\n<ul>\n<li>Du bist dir nicht sicher \u00fcber die passende Gr\u00f6\u00dfe? Werfe einen Blick auf unsere <a href=\"https:\/\/arenate.com\/de\/size-guide\/\" rev=\"en_rl_none\"><u>Gr\u00f6\u00dfentabelle.<\/u><\/a>.<\/li>\n<\/ul>","protected":false},"featured_media":1646,"template":"","meta":{"_acf_changed":false,"ocean_post_layout":"","ocean_both_sidebars_style":"","ocean_both_sidebars_content_width":0,"ocean_both_sidebars_sidebars_width":0,"ocean_sidebar":"0","ocean_second_sidebar":"0","ocean_disable_margins":"enable","ocean_add_body_class":"","ocean_shortcode_before_top_bar":"","ocean_shortcode_after_top_bar":"","ocean_shortcode_before_header":"","ocean_shortcode_after_header":"","ocean_has_shortcode":"","ocean_shortcode_after_title":"","ocean_shortcode_before_footer_widgets":"","ocean_shortcode_after_footer_widgets":"","ocean_shortcode_before_footer_bottom":"","ocean_shortcode_after_footer_bottom":"","ocean_display_top_bar":"default","ocean_display_header":"default","ocean_header_style":"","ocean_center_header_left_menu":"0","ocean_custom_header_template":"0","ocean_custom_logo":0,"ocean_custom_retina_logo":0,"ocean_custom_logo_max_width":0,"ocean_custom_logo_tablet_max_width":0,"ocean_custom_logo_mobile_max_width":0,"ocean_custom_logo_max_height":0,"ocean_custom_logo_tablet_max_height":0,"ocean_custom_logo_mobile_max_height":0,"ocean_header_custom_menu":"0","ocean_menu_typo_font_family":"0","ocean_menu_typo_font_subset":"","ocean_menu_typo_font_size":0,"ocean_menu_typo_font_size_tablet":0,"ocean_menu_typo_font_size_mobile":0,"ocean_menu_typo_font_size_unit":"px","ocean_menu_typo_font_weight":"","ocean_menu_typo_font_weight_tablet":"","ocean_menu_typo_font_weight_mobile":"","ocean_menu_typo_transform":"","ocean_menu_typo_transform_tablet":"","ocean_menu_typo_transform_mobile":"","ocean_menu_typo_line_height":0,"ocean_menu_typo_line_height_tablet":0,"ocean_menu_typo_line_height_mobile":0,"ocean_menu_typo_line_height_unit":"","ocean_menu_typo_spacing":0,"ocean_menu_typo_spacing_tablet":0,"ocean_menu_typo_spacing_mobile":0,"ocean_menu_typo_spacing_unit":"","ocean_menu_link_color":"","ocean_menu_link_color_hover":"","ocean_menu_link_color_active":"","ocean_menu_link_background":"","ocean_menu_link_hover_background":"","ocean_menu_link_active_background":"","ocean_menu_social_links_bg":"","ocean_menu_social_hover_links_bg":"","ocean_menu_social_links_color":"","ocean_menu_social_hover_links_color":"","ocean_disable_title":"default","ocean_disable_heading":"default","ocean_post_title":"","ocean_post_subheading":"","ocean_post_title_style":"","ocean_post_title_background_color":"","ocean_post_title_background":0,"ocean_post_title_bg_image_position":"","ocean_post_title_bg_image_attachment":"","ocean_post_title_bg_image_repeat":"","ocean_post_title_bg_image_size":"","ocean_post_title_height":0,"ocean_post_title_bg_overlay":0.5,"ocean_post_title_bg_overlay_color":"","ocean_disable_breadcrumbs":"default","ocean_breadcrumbs_color":"","ocean_breadcrumbs_separator_color":"","ocean_breadcrumbs_links_color":"","ocean_breadcrumbs_links_hover_color":"","ocean_display_footer_widgets":"default","ocean_display_footer_bottom":"default","ocean_custom_footer_template":"0"},"product_brand":[],"product_cat":[35],"product_tag":[40,63,18],"class_list":{"0":"post-1506","1":"product","2":"type-product","3":"status-publish","4":"has-post-thumbnail","6":"product_cat-rings","7":"product_tag-ring","8":"product_tag-silber","9":"product_tag-silver","11":"entry","12":"has-media","14":"first","15":"instock","16":"taxable","17":"shipping-taxable","18":"purchasable","19":"product-type-simple","20":"col","21":"span_1_of_5","22":"owp-content-center","23":"item-entry","24":"owp-thumbs-layout-horizontal","25":"owp-btn-normal","26":"owp-tabs-layout-horizontal"},"acf":[],"_links":{"self":[{"href":"https:\/\/arenate.com\/de\/wp-json\/wp\/v2\/product\/1506","targetHints":{"allow":["GET"]}}],"collection":[{"href":"https:\/\/arenate.com\/de\/wp-json\/wp\/v2\/product"}],"about":[{"href":"https:\/\/arenate.com\/de\/wp-json\/wp\/v2\/types\/product"}],"version-history":[{"count":11,"href":"https:\/\/arenate.com\/de\/wp-json\/wp\/v2\/product\/1506\/revisions"}],"predecessor-version":[{"id":2558,"href":"https:\/\/arenate.com\/de\/wp-json\/wp\/v2\/product\/1506\/revisions\/2558"}],"wp:featuredmedia":[{"embeddable":true,"href":"https:\/\/arenate.com\/de\/wp-json\/wp\/v2\/media\/1646"}],"wp:attachment":[{"href":"https:\/\/arenate.com\/de\/wp-json\/wp\/v2\/media?parent=1506"}],"wp:term":[{"taxonomy":"product_brand","embeddable":true,"href":"https:\/\/arenate.com\/de\/wp-json\/wp\/v2\/product_brand?post=1506"},{"taxonomy":"product_cat","embeddable":true,"href":"https:\/\/arenate.com\/de\/wp-json\/wp\/v2\/product_cat?post=1506"},{"taxonomy":"product_tag","embeddable":true,"href":"https:\/\/arenate.com\/de\/wp-json\/wp\/v2\/product_tag?post=1506"}],"curies":[{"name":"wp","href":"https:\/\/api.w.org\/{rel}","templated":true}]}}