{"id":2656,"date":"2024-11-19T10:51:23","date_gmt":"2024-11-19T10:51:23","guid":{"rendered":"https:\/\/arenate.com\/?post_type=product&#038;p=2656"},"modified":"2024-11-20T10:16:17","modified_gmt":"2024-11-20T10:16:17","slug":"moira-bangle","status":"publish","type":"product","link":"https:\/\/arenate.com\/de\/produkt\/moira-bangle\/","title":{"rendered":"MOIRA | ARMREIF"},"content":{"rendered":"","protected":false},"excerpt":{"rendered":"<ul>\n<li data-pm-slice=\"1 1 []\" data-en-clipboard=\"true\">\n<h5>Ein Lebensfaden in Porzellan gesponnen<\/h5>\n<\/li>\n<li><\/li>\n<li>Einem metallischen Gewebe gleich, reihen sich unz\u00e4hlige Knoten zu dem regelhaften Raster des Moira-Armreifes. Jeder Knoten reflektiert das Licht auf individuelle Weise, so dass die Oberfl\u00e4che st\u00e4ndig in Bewegung zu sein scheint. Entgegen der Erwartungen ist der massive Armreif im 3d-Druck-Verfahren aus hochfestem Porzellan gefertigt und wurde in einem dritten Brand mit einer Platinauflage veredelt.<\/li>\n<\/ul>\n<p>&nbsp;<\/p>\n<ul>\n<li><a href=\"https:\/\/additiveaddicted.de\/\" target=\"_blank\" rel=\"noopener\"><u>\u200b<\/u><\/a><u><a href=\"https:\/\/additiveaddicted.de\/\" target=\"_blank\" rel=\"noopener\">Entworfen und hergestellt von: Babette Wiezorek<\/a><\/u><\/li>\n<\/ul>\n<p>&nbsp;<\/p>\n<ul>\n<li>Material: Wei\u00dfes Porzellan mit Platinauflage<\/li>\n<li>Breite des Armreifs: 38 mm<\/li>\n<li>Herstellungszeit: 3-4 Wochen<\/li>\n<li>Hergestellt in Berlin, Deutschland<\/li>\n<\/ul>\n<p>&nbsp;<\/p>\n<ul>\n<li>Die Herstellungszeit dieses Armreifs kann bis zu 4 Wochen dauern, da der Armreif auf Bestellung gefertigt und von unserer Kollaborationspartnerin produziert wird.<\/li>\n<li>Das f\u00fcr diesen Armreif verwendete Porzellan ist final auf 1250\u00b0C gebrannt und daher sehr robust und resistent gegen Chemikalien und Temperaturen. Dennoch ist Porzellan ein zerbrechliches Material. Behandle dieses Schmuckst\u00fcck daher mit Sorgfalt.<\/li>\n<\/ul>\n<p>&nbsp;<\/p>\n<ul>\n<li>Du bist dir nicht sicher \u00fcber die passende Gr\u00f6\u00dfe? Werfe einen Blick auf unsere <a href=\"https:\/\/arenate.com\/de\/size-guide\/\" rev=\"en_rl_none\"><u>Gr\u00f6\u00dfentabelle.<\/u><\/a>.<\/li>\n<\/ul>","protected":false},"featured_media":2667,"template":"","meta":{"_acf_changed":false,"ocean_post_layout":"","ocean_both_sidebars_style":"","ocean_both_sidebars_content_width":0,"ocean_both_sidebars_sidebars_width":0,"ocean_sidebar":"0","ocean_second_sidebar":"0","ocean_disable_margins":"enable","ocean_add_body_class":"","ocean_shortcode_before_top_bar":"","ocean_shortcode_after_top_bar":"","ocean_shortcode_before_header":"","ocean_shortcode_after_header":"","ocean_has_shortcode":"","ocean_shortcode_after_title":"","ocean_shortcode_before_footer_widgets":"","ocean_shortcode_after_footer_widgets":"","ocean_shortcode_before_footer_bottom":"","ocean_shortcode_after_footer_bottom":"","ocean_display_top_bar":"default","ocean_display_header":"default","ocean_header_style":"","ocean_center_header_left_menu":"0","ocean_custom_header_template":"0","ocean_custom_logo":0,"ocean_custom_retina_logo":0,"ocean_custom_logo_max_width":0,"ocean_custom_logo_tablet_max_width":0,"ocean_custom_logo_mobile_max_width":0,"ocean_custom_logo_max_height":0,"ocean_custom_logo_tablet_max_height":0,"ocean_custom_logo_mobile_max_height":0,"ocean_header_custom_menu":"0","ocean_menu_typo_font_family":"0","ocean_menu_typo_font_subset":"","ocean_menu_typo_font_size":0,"ocean_menu_typo_font_size_tablet":0,"ocean_menu_typo_font_size_mobile":0,"ocean_menu_typo_font_size_unit":"px","ocean_menu_typo_font_weight":"","ocean_menu_typo_font_weight_tablet":"","ocean_menu_typo_font_weight_mobile":"","ocean_menu_typo_transform":"","ocean_menu_typo_transform_tablet":"","ocean_menu_typo_transform_mobile":"","ocean_menu_typo_line_height":0,"ocean_menu_typo_line_height_tablet":0,"ocean_menu_typo_line_height_mobile":0,"ocean_menu_typo_line_height_unit":"","ocean_menu_typo_spacing":0,"ocean_menu_typo_spacing_tablet":0,"ocean_menu_typo_spacing_mobile":0,"ocean_menu_typo_spacing_unit":"","ocean_menu_link_color":"","ocean_menu_link_color_hover":"","ocean_menu_link_color_active":"","ocean_menu_link_background":"","ocean_menu_link_hover_background":"","ocean_menu_link_active_background":"","ocean_menu_social_links_bg":"","ocean_menu_social_hover_links_bg":"","ocean_menu_social_links_color":"","ocean_menu_social_hover_links_color":"","ocean_disable_title":"default","ocean_disable_heading":"default","ocean_post_title":"","ocean_post_subheading":"","ocean_post_title_style":"","ocean_post_title_background_color":"","ocean_post_title_background":0,"ocean_post_title_bg_image_position":"","ocean_post_title_bg_image_attachment":"","ocean_post_title_bg_image_repeat":"","ocean_post_title_bg_image_size":"","ocean_post_title_height":0,"ocean_post_title_bg_overlay":0.5,"ocean_post_title_bg_overlay_color":"","ocean_disable_breadcrumbs":"default","ocean_breadcrumbs_color":"","ocean_breadcrumbs_separator_color":"","ocean_breadcrumbs_links_color":"","ocean_breadcrumbs_links_hover_color":"","ocean_display_footer_widgets":"default","ocean_display_footer_bottom":"default","ocean_custom_footer_template":"0"},"product_brand":[],"product_cat":[61,36],"product_tag":[],"class_list":{"0":"post-2656","1":"product","2":"type-product","3":"status-publish","4":"has-post-thumbnail","6":"product_cat-bangles","7":"product_cat-bracelets","9":"entry","10":"has-media","12":"first","13":"instock","14":"taxable","15":"shipping-taxable","16":"purchasable","17":"product-type-simple","18":"col","19":"span_1_of_5","20":"owp-content-center","21":"item-entry","22":"owp-thumbs-layout-horizontal","23":"owp-btn-normal","24":"owp-tabs-layout-horizontal"},"acf":[],"_links":{"self":[{"href":"https:\/\/arenate.com\/de\/wp-json\/wp\/v2\/product\/2656","targetHints":{"allow":["GET"]}}],"collection":[{"href":"https:\/\/arenate.com\/de\/wp-json\/wp\/v2\/product"}],"about":[{"href":"https:\/\/arenate.com\/de\/wp-json\/wp\/v2\/types\/product"}],"version-history":[{"count":12,"href":"https:\/\/arenate.com\/de\/wp-json\/wp\/v2\/product\/2656\/revisions"}],"predecessor-version":[{"id":2699,"href":"https:\/\/arenate.com\/de\/wp-json\/wp\/v2\/product\/2656\/revisions\/2699"}],"wp:featuredmedia":[{"embeddable":true,"href":"https:\/\/arenate.com\/de\/wp-json\/wp\/v2\/media\/2667"}],"wp:attachment":[{"href":"https:\/\/arenate.com\/de\/wp-json\/wp\/v2\/media?parent=2656"}],"wp:term":[{"taxonomy":"product_brand","embeddable":true,"href":"https:\/\/arenate.com\/de\/wp-json\/wp\/v2\/product_brand?post=2656"},{"taxonomy":"product_cat","embeddable":true,"href":"https:\/\/arenate.com\/de\/wp-json\/wp\/v2\/product_cat?post=2656"},{"taxonomy":"product_tag","embeddable":true,"href":"https:\/\/arenate.com\/de\/wp-json\/wp\/v2\/product_tag?post=2656"}],"curies":[{"name":"wp","href":"https:\/\/api.w.org\/{rel}","templated":true}]}}