{"id":506,"date":"2020-07-01T12:21:13","date_gmt":"2020-07-01T12:21:13","guid":{"rendered":"http:\/\/arenate.com\/?post_type=product&#038;p=506"},"modified":"2024-04-29T19:55:31","modified_gmt":"2024-04-29T19:55:31","slug":"numen-necklace","status":"publish","type":"product","link":"https:\/\/arenate.com\/de\/produkt\/numen-necklace\/","title":{"rendered":"NUMEN | KETTE"},"content":{"rendered":"","protected":false},"excerpt":{"rendered":"<ul>\n<li>\n<h5>Nach antikem Vorbild<\/h5>\n<\/li>\n<li>\n<div data-pm-slice=\"1 1 []\" data-en-clipboard=\"true\">Beton wurde bereits im alten Rom als Baumaterial verwendet. Viele heute noch bestehende Geb\u00e4ude und Bauwerke wie Br\u00fccken, Stauseen und Aqu\u00e4dukte wurden mit diesem Material gebaut, was sowohl seine Vielseitigkeit als auch seine Haltbarkeit beweist. Die R\u00f6mer stellten Beton her, indem sie vulkanische Asche mit Kalk und Meerwasser mischten, wobei die Zuschlagstoffe oft gr\u00f6\u00dfere Bestandteile wie Kies oder recycelten Schotter enthielten.<\/div>\n<\/li>\n<\/ul>\n<p>&nbsp;<\/p>\n<ul>\n<li data-pm-slice=\"1 1 []\" data-en-clipboard=\"true\">Wir haben diese Bestandteile durch recyceltes Metallgranulat wie Silber, Kupfer oder sogar Siliziumkarbid ersetzt, um dieses Schmuckst\u00fcck langlebig und stabil zu machen. Wie Kristalle in einer Geode schimmern die Metallteile in den beim Gie\u00dfen entstandenen Hohlr\u00e4umen. Jedes St\u00fcck ist daher ein Unikat, kein Anh\u00e4nger gleicht dem anderen.<\/li>\n<\/ul>\n<p>&nbsp;<\/p>\n<ul>\n<li data-pm-slice=\"1 1 []\" data-en-clipboard=\"true\">\n<div data-pm-slice=\"1 1 []\" data-en-clipboard=\"true\">Gr\u00f6\u00dfe: 45 x\u00a0 8 x 6 mm<\/div>\n<div>Hellgrauer Beton mit 925er Silbergranulat, Silber\u00f6sen und R\u00fcckplatte, Halskette aus 925er Silber<\/div>\n<div>L\u00e4nge des Halskette: 50 cm<\/div>\n<div>Herstellungszeit: 3-5 Arbeitstage<\/div>\n<\/li>\n<li>Hergestellt in Berlin, Deutschland<\/li>\n<\/ul>\n<p>&nbsp;<\/p>\n<p>Preis inkl. Halskette (925 Silber)<\/p>\n<ul>\n<li data-pm-slice=\"1 1 []\" data-en-clipboard=\"true\"><\/li>\n<\/ul>","protected":false},"featured_media":1768,"template":"","meta":{"_acf_changed":false,"ocean_post_layout":"","ocean_both_sidebars_style":"","ocean_both_sidebars_content_width":0,"ocean_both_sidebars_sidebars_width":0,"ocean_sidebar":"0","ocean_second_sidebar":"0","ocean_disable_margins":"enable","ocean_add_body_class":"","ocean_shortcode_before_top_bar":"","ocean_shortcode_after_top_bar":"","ocean_shortcode_before_header":"","ocean_shortcode_after_header":"","ocean_has_shortcode":"","ocean_shortcode_after_title":"","ocean_shortcode_before_footer_widgets":"","ocean_shortcode_after_footer_widgets":"","ocean_shortcode_before_footer_bottom":"","ocean_shortcode_after_footer_bottom":"","ocean_display_top_bar":"default","ocean_display_header":"default","ocean_header_style":"","ocean_center_header_left_menu":"0","ocean_custom_header_template":"0","ocean_custom_logo":0,"ocean_custom_retina_logo":0,"ocean_custom_logo_max_width":0,"ocean_custom_logo_tablet_max_width":0,"ocean_custom_logo_mobile_max_width":0,"ocean_custom_logo_max_height":0,"ocean_custom_logo_tablet_max_height":0,"ocean_custom_logo_mobile_max_height":0,"ocean_header_custom_menu":"0","ocean_menu_typo_font_family":"0","ocean_menu_typo_font_subset":"","ocean_menu_typo_font_size":0,"ocean_menu_typo_font_size_tablet":0,"ocean_menu_typo_font_size_mobile":0,"ocean_menu_typo_font_size_unit":"px","ocean_menu_typo_font_weight":"","ocean_menu_typo_font_weight_tablet":"","ocean_menu_typo_font_weight_mobile":"","ocean_menu_typo_transform":"","ocean_menu_typo_transform_tablet":"","ocean_menu_typo_transform_mobile":"","ocean_menu_typo_line_height":0,"ocean_menu_typo_line_height_tablet":0,"ocean_menu_typo_line_height_mobile":0,"ocean_menu_typo_line_height_unit":"","ocean_menu_typo_spacing":0,"ocean_menu_typo_spacing_tablet":0,"ocean_menu_typo_spacing_mobile":0,"ocean_menu_typo_spacing_unit":"","ocean_menu_link_color":"","ocean_menu_link_color_hover":"","ocean_menu_link_color_active":"","ocean_menu_link_background":"","ocean_menu_link_hover_background":"","ocean_menu_link_active_background":"","ocean_menu_social_links_bg":"","ocean_menu_social_hover_links_bg":"","ocean_menu_social_links_color":"","ocean_menu_social_hover_links_color":"","ocean_disable_title":"default","ocean_disable_heading":"default","ocean_post_title":"","ocean_post_subheading":"","ocean_post_title_style":"","ocean_post_title_background_color":"","ocean_post_title_background":0,"ocean_post_title_bg_image_position":"","ocean_post_title_bg_image_attachment":"","ocean_post_title_bg_image_repeat":"","ocean_post_title_bg_image_size":"","ocean_post_title_height":0,"ocean_post_title_bg_overlay":0.5,"ocean_post_title_bg_overlay_color":"","ocean_disable_breadcrumbs":"default","ocean_breadcrumbs_color":"","ocean_breadcrumbs_separator_color":"","ocean_breadcrumbs_links_color":"","ocean_breadcrumbs_links_hover_color":"","ocean_display_footer_widgets":"default","ocean_display_footer_bottom":"default","ocean_custom_footer_template":"0"},"product_brand":[],"product_cat":[38],"product_tag":[80,81,46,79,17,63,18],"class_list":{"0":"post-506","1":"product","2":"type-product","3":"status-publish","4":"has-post-thumbnail","6":"product_cat-necklace","7":"product_tag-anhanger","8":"product_tag-beton","9":"product_tag-concrete","10":"product_tag-kette","11":"product_tag-necklace","12":"product_tag-silber","13":"product_tag-silver","15":"entry","16":"has-media","18":"first","19":"instock","20":"taxable","21":"shipping-taxable","22":"purchasable","23":"product-type-simple","24":"col","25":"span_1_of_5","26":"owp-content-center","27":"item-entry","28":"owp-thumbs-layout-horizontal","29":"owp-btn-normal","30":"owp-tabs-layout-horizontal"},"acf":[],"_links":{"self":[{"href":"https:\/\/arenate.com\/de\/wp-json\/wp\/v2\/product\/506","targetHints":{"allow":["GET"]}}],"collection":[{"href":"https:\/\/arenate.com\/de\/wp-json\/wp\/v2\/product"}],"about":[{"href":"https:\/\/arenate.com\/de\/wp-json\/wp\/v2\/types\/product"}],"version-history":[{"count":15,"href":"https:\/\/arenate.com\/de\/wp-json\/wp\/v2\/product\/506\/revisions"}],"predecessor-version":[{"id":2564,"href":"https:\/\/arenate.com\/de\/wp-json\/wp\/v2\/product\/506\/revisions\/2564"}],"wp:featuredmedia":[{"embeddable":true,"href":"https:\/\/arenate.com\/de\/wp-json\/wp\/v2\/media\/1768"}],"wp:attachment":[{"href":"https:\/\/arenate.com\/de\/wp-json\/wp\/v2\/media?parent=506"}],"wp:term":[{"taxonomy":"product_brand","embeddable":true,"href":"https:\/\/arenate.com\/de\/wp-json\/wp\/v2\/product_brand?post=506"},{"taxonomy":"product_cat","embeddable":true,"href":"https:\/\/arenate.com\/de\/wp-json\/wp\/v2\/product_cat?post=506"},{"taxonomy":"product_tag","embeddable":true,"href":"https:\/\/arenate.com\/de\/wp-json\/wp\/v2\/product_tag?post=506"}],"curies":[{"name":"wp","href":"https:\/\/api.w.org\/{rel}","templated":true}]}}