{"id":585,"date":"2022-11-10T07:45:03","date_gmt":"2022-11-10T07:45:03","guid":{"rendered":"https:\/\/arenate.com\/?post_type=product&#038;p=585"},"modified":"2024-05-19T17:17:04","modified_gmt":"2024-05-19T17:17:04","slug":"kopejka-earrings-silver","status":"publish","type":"product","link":"https:\/\/arenate.com\/de\/produkt\/kopejka-earrings-silver\/","title":{"rendered":"KOPEJKA | EARRINGS SILVER"},"content":{"rendered":"","protected":false},"excerpt":{"rendered":"<ul>\n<li>\n<h5>Einzigartige Ohrstecker aus russischen Silberm\u00fcnzen<\/h5>\n<\/li>\n<li><\/li>\n<li>Kopeken (russisch: Kopejka) wurden im 16. Jahrhundert in Russland als Zahlungsmittel eingef\u00fchrt. Die tropfenf\u00f6rmigen M\u00fcnzen wurden aus drahtartigen Silberst\u00e4ben hergestellt, von denen bei der Pr\u00e4gung St\u00fccke abgeschnitten wurden. Daher waren die St\u00fccke unregelm\u00e4\u00dfig und ihre Gr\u00f6\u00dfe entsprach nie der gesamten Fl\u00e4che des M\u00fcnzstempels, weshalb das Bild auf der Vorderseite und die Inschrift auf der R\u00fcckseite immer mehr oder weniger unvollst\u00e4ndig sind.<\/li>\n<li>Die Vorderseite der Kopeke zeigt einen reitenden Zaren mit einer Lanze und die R\u00fcckseite eine Inschrift in kyrillischen Buchstaben.<\/li>\n<li><\/li>\n<li>Jede Silberkopeke ist daher einzigartig und eine echte Antiquit\u00e4t.<\/li>\n<\/ul>\n<p>&nbsp;<\/p>\n<ul>\n<li>Gr\u00f6\u00dfe: ~ 10 x 5 mm<\/li>\n<li>Material: Silberm\u00fcnze mit 925er Silberstecker,<\/li>\n<li>Alter der M\u00fcnze: 1535 - 1725 AD<\/li>\n<li>Herstellungszeit: 3-5 Arbeitstage<\/li>\n<li>Hergestellt in Berlin, Deutschland<\/li>\n<\/ul>","protected":false},"featured_media":594,"template":"","meta":{"_acf_changed":false,"ocean_post_layout":"","ocean_both_sidebars_style":"","ocean_both_sidebars_content_width":0,"ocean_both_sidebars_sidebars_width":0,"ocean_sidebar":"0","ocean_second_sidebar":"0","ocean_disable_margins":"enable","ocean_add_body_class":"","ocean_shortcode_before_top_bar":"","ocean_shortcode_after_top_bar":"","ocean_shortcode_before_header":"","ocean_shortcode_after_header":"","ocean_has_shortcode":"","ocean_shortcode_after_title":"","ocean_shortcode_before_footer_widgets":"","ocean_shortcode_after_footer_widgets":"","ocean_shortcode_before_footer_bottom":"","ocean_shortcode_after_footer_bottom":"","ocean_display_top_bar":"default","ocean_display_header":"default","ocean_header_style":"","ocean_center_header_left_menu":"0","ocean_custom_header_template":"0","ocean_custom_logo":0,"ocean_custom_retina_logo":0,"ocean_custom_logo_max_width":0,"ocean_custom_logo_tablet_max_width":0,"ocean_custom_logo_mobile_max_width":0,"ocean_custom_logo_max_height":0,"ocean_custom_logo_tablet_max_height":0,"ocean_custom_logo_mobile_max_height":0,"ocean_header_custom_menu":"0","ocean_menu_typo_font_family":"0","ocean_menu_typo_font_subset":"","ocean_menu_typo_font_size":0,"ocean_menu_typo_font_size_tablet":0,"ocean_menu_typo_font_size_mobile":0,"ocean_menu_typo_font_size_unit":"px","ocean_menu_typo_font_weight":"","ocean_menu_typo_font_weight_tablet":"","ocean_menu_typo_font_weight_mobile":"","ocean_menu_typo_transform":"","ocean_menu_typo_transform_tablet":"","ocean_menu_typo_transform_mobile":"","ocean_menu_typo_line_height":0,"ocean_menu_typo_line_height_tablet":0,"ocean_menu_typo_line_height_mobile":0,"ocean_menu_typo_line_height_unit":"","ocean_menu_typo_spacing":0,"ocean_menu_typo_spacing_tablet":0,"ocean_menu_typo_spacing_mobile":0,"ocean_menu_typo_spacing_unit":"","ocean_menu_link_color":"","ocean_menu_link_color_hover":"","ocean_menu_link_color_active":"","ocean_menu_link_background":"","ocean_menu_link_hover_background":"","ocean_menu_link_active_background":"","ocean_menu_social_links_bg":"","ocean_menu_social_hover_links_bg":"","ocean_menu_social_links_color":"","ocean_menu_social_hover_links_color":"","ocean_disable_title":"default","ocean_disable_heading":"default","ocean_post_title":"","ocean_post_subheading":"","ocean_post_title_style":"","ocean_post_title_background_color":"","ocean_post_title_background":0,"ocean_post_title_bg_image_position":"","ocean_post_title_bg_image_attachment":"","ocean_post_title_bg_image_repeat":"","ocean_post_title_bg_image_size":"","ocean_post_title_height":0,"ocean_post_title_bg_overlay":0.5,"ocean_post_title_bg_overlay_color":"","ocean_disable_breadcrumbs":"default","ocean_breadcrumbs_color":"","ocean_breadcrumbs_separator_color":"","ocean_breadcrumbs_links_color":"","ocean_breadcrumbs_links_hover_color":"","ocean_display_footer_widgets":"default","ocean_display_footer_bottom":"default","ocean_custom_footer_template":"0"},"product_brand":[],"product_cat":[37,23],"product_tag":[43,44,85,83,84,63,18],"class_list":{"0":"post-585","1":"product","2":"type-product","3":"status-publish","4":"has-post-thumbnail","6":"product_cat-earrings","7":"product_cat-new-in","8":"product_tag-earring","9":"product_tag-embossed","10":"product_tag-gepragt","11":"product_tag-ohrring","12":"product_tag-ohrstecker","13":"product_tag-silber","14":"product_tag-silver","16":"entry","17":"has-media","19":"first","20":"instock","21":"taxable","22":"shipping-taxable","23":"purchasable","24":"product-type-simple","25":"col","26":"span_1_of_5","27":"owp-content-center","28":"item-entry","29":"owp-thumbs-layout-horizontal","30":"owp-btn-normal","31":"owp-tabs-layout-horizontal"},"acf":[],"_links":{"self":[{"href":"https:\/\/arenate.com\/de\/wp-json\/wp\/v2\/product\/585","targetHints":{"allow":["GET"]}}],"collection":[{"href":"https:\/\/arenate.com\/de\/wp-json\/wp\/v2\/product"}],"about":[{"href":"https:\/\/arenate.com\/de\/wp-json\/wp\/v2\/types\/product"}],"version-history":[{"count":30,"href":"https:\/\/arenate.com\/de\/wp-json\/wp\/v2\/product\/585\/revisions"}],"predecessor-version":[{"id":2570,"href":"https:\/\/arenate.com\/de\/wp-json\/wp\/v2\/product\/585\/revisions\/2570"}],"wp:featuredmedia":[{"embeddable":true,"href":"https:\/\/arenate.com\/de\/wp-json\/wp\/v2\/media\/594"}],"wp:attachment":[{"href":"https:\/\/arenate.com\/de\/wp-json\/wp\/v2\/media?parent=585"}],"wp:term":[{"taxonomy":"product_brand","embeddable":true,"href":"https:\/\/arenate.com\/de\/wp-json\/wp\/v2\/product_brand?post=585"},{"taxonomy":"product_cat","embeddable":true,"href":"https:\/\/arenate.com\/de\/wp-json\/wp\/v2\/product_cat?post=585"},{"taxonomy":"product_tag","embeddable":true,"href":"https:\/\/arenate.com\/de\/wp-json\/wp\/v2\/product_tag?post=585"}],"curies":[{"name":"wp","href":"https:\/\/api.w.org\/{rel}","templated":true}]}}