{"id":827,"date":"2022-11-11T23:52:13","date_gmt":"2022-11-11T23:52:13","guid":{"rendered":"https:\/\/arenate.com\/?post_type=product&#038;p=827"},"modified":"2024-04-29T19:29:08","modified_gmt":"2024-04-29T19:29:08","slug":"areola-brooch-gold","status":"publish","type":"product","link":"https:\/\/arenate.com\/de\/produkt\/areola-brooch-gold\/","title":{"rendered":"AREOLA | BROSCHE GOLD"},"content":{"rendered":"","protected":false},"excerpt":{"rendered":"<ul>\n<li>\n<h5><strong>Bereit f\u00fcr die Schlacht<\/strong><\/h5>\n<\/li>\n<li>\n<div data-pm-slice=\"1 1 []\" data-en-clipboard=\"true\">Kriegerinnen wie die Amazonen symbolisieren Frauen, die den m\u00e4nnlichen Kriegern ebenb\u00fcrtig sind und einen Lebensstil jenseits gesellschaftlicher Erwartungen verk\u00f6rpern.<\/div>\n<\/li>\n<li>\n<div data-pm-slice=\"1 1 []\" data-en-clipboard=\"true\">Diese Brosche in Form eines Kampfschildes kann \u00fcberall getragen werden, soll aber einen der empfindlichsten und zugleich m\u00e4chtigsten Teile des weiblichen K\u00f6rpers sch\u00fctzen. Gerade dieser Teil des weiblichen K\u00f6rpers, der die Schwachen n\u00e4hrt und sch\u00fctzt, ist konstant \u00dcbergriffen, mediale Aufmerksamkeit und auferlegten Sch\u00f6nheitsidealen ausgesetzt. Um die Wehrhaftigkeit des weiblichen K\u00f6rpers zu feiern, haben wir diese Brosche entworfen.<\/div>\n<\/li>\n<\/ul>\n<p>&nbsp;<\/p>\n<ul>\n<li>Gr\u00f6\u00dfe: <b>\u2300 <\/b>25 mm<\/li>\n<li>Material: 925er Silberbrosche mit 925er Silberstecker, vergoldet<\/li>\n<li>Stein: Amazonite (Cabochon - 6mm)<\/li>\n<li>Herstellungszeit: 3-4 Wochen<\/li>\n<li>Hergestellt in Berlin, Deutschland<\/li>\n<\/ul>\n<p>&nbsp;<\/p>\n<ul>\n<li>Die Herstellungszeit dieser Brosche kann bis zu 4 Wochen dauern, da die Silberteile auf Bestellung gefertigt und von unserer Partnergie\u00dferei produziert werden.<\/li>\n<\/ul>","protected":false},"featured_media":1617,"template":"","meta":{"_acf_changed":false,"ocean_post_layout":"","ocean_both_sidebars_style":"","ocean_both_sidebars_content_width":0,"ocean_both_sidebars_sidebars_width":0,"ocean_sidebar":"0","ocean_second_sidebar":"0","ocean_disable_margins":"enable","ocean_add_body_class":"","ocean_shortcode_before_top_bar":"","ocean_shortcode_after_top_bar":"","ocean_shortcode_before_header":"","ocean_shortcode_after_header":"","ocean_has_shortcode":"","ocean_shortcode_after_title":"","ocean_shortcode_before_footer_widgets":"","ocean_shortcode_after_footer_widgets":"","ocean_shortcode_before_footer_bottom":"","ocean_shortcode_after_footer_bottom":"","ocean_display_top_bar":"default","ocean_display_header":"default","ocean_header_style":"","ocean_center_header_left_menu":"0","ocean_custom_header_template":"0","ocean_custom_logo":0,"ocean_custom_retina_logo":0,"ocean_custom_logo_max_width":0,"ocean_custom_logo_tablet_max_width":0,"ocean_custom_logo_mobile_max_width":0,"ocean_custom_logo_max_height":0,"ocean_custom_logo_tablet_max_height":0,"ocean_custom_logo_mobile_max_height":0,"ocean_header_custom_menu":"0","ocean_menu_typo_font_family":"0","ocean_menu_typo_font_subset":"","ocean_menu_typo_font_size":0,"ocean_menu_typo_font_size_tablet":0,"ocean_menu_typo_font_size_mobile":0,"ocean_menu_typo_font_size_unit":"px","ocean_menu_typo_font_weight":"","ocean_menu_typo_font_weight_tablet":"","ocean_menu_typo_font_weight_mobile":"","ocean_menu_typo_transform":"","ocean_menu_typo_transform_tablet":"","ocean_menu_typo_transform_mobile":"","ocean_menu_typo_line_height":0,"ocean_menu_typo_line_height_tablet":0,"ocean_menu_typo_line_height_mobile":0,"ocean_menu_typo_line_height_unit":"","ocean_menu_typo_spacing":0,"ocean_menu_typo_spacing_tablet":0,"ocean_menu_typo_spacing_mobile":0,"ocean_menu_typo_spacing_unit":"","ocean_menu_link_color":"","ocean_menu_link_color_hover":"","ocean_menu_link_color_active":"","ocean_menu_link_background":"","ocean_menu_link_hover_background":"","ocean_menu_link_active_background":"","ocean_menu_social_links_bg":"","ocean_menu_social_hover_links_bg":"","ocean_menu_social_links_color":"","ocean_menu_social_hover_links_color":"","ocean_disable_title":"default","ocean_disable_heading":"default","ocean_post_title":"","ocean_post_subheading":"","ocean_post_title_style":"","ocean_post_title_background_color":"","ocean_post_title_background":0,"ocean_post_title_bg_image_position":"","ocean_post_title_bg_image_attachment":"","ocean_post_title_bg_image_repeat":"","ocean_post_title_bg_image_size":"","ocean_post_title_height":0,"ocean_post_title_bg_overlay":0.5,"ocean_post_title_bg_overlay_color":"","ocean_disable_breadcrumbs":"default","ocean_breadcrumbs_color":"","ocean_breadcrumbs_separator_color":"","ocean_breadcrumbs_links_color":"","ocean_breadcrumbs_links_hover_color":"","ocean_display_footer_widgets":"default","ocean_display_footer_bottom":"default","ocean_custom_footer_template":"0"},"product_brand":[],"product_cat":[39],"product_tag":[76,74,48,71,58,56,42,63,18,72,75],"class_list":{"0":"post-827","1":"product","2":"type-product","3":"status-publish","4":"has-post-thumbnail","6":"product_cat-brooches","7":"product_tag-amazonit","8":"product_tag-amazonite","9":"product_tag-brooch","10":"product_tag-brosche","11":"product_tag-gem","12":"product_tag-gold","13":"product_tag-gold-plated","14":"product_tag-silber","15":"product_tag-silver","16":"product_tag-stein","17":"product_tag-vergoldet","19":"entry","20":"has-media","22":"first","23":"instock","24":"taxable","25":"shipping-taxable","26":"purchasable","27":"product-type-simple","28":"col","29":"span_1_of_5","30":"owp-content-center","31":"item-entry","32":"owp-thumbs-layout-horizontal","33":"owp-btn-normal","34":"owp-tabs-layout-horizontal"},"acf":[],"_links":{"self":[{"href":"https:\/\/arenate.com\/de\/wp-json\/wp\/v2\/product\/827","targetHints":{"allow":["GET"]}}],"collection":[{"href":"https:\/\/arenate.com\/de\/wp-json\/wp\/v2\/product"}],"about":[{"href":"https:\/\/arenate.com\/de\/wp-json\/wp\/v2\/types\/product"}],"version-history":[{"count":28,"href":"https:\/\/arenate.com\/de\/wp-json\/wp\/v2\/product\/827\/revisions"}],"predecessor-version":[{"id":2544,"href":"https:\/\/arenate.com\/de\/wp-json\/wp\/v2\/product\/827\/revisions\/2544"}],"wp:featuredmedia":[{"embeddable":true,"href":"https:\/\/arenate.com\/de\/wp-json\/wp\/v2\/media\/1617"}],"wp:attachment":[{"href":"https:\/\/arenate.com\/de\/wp-json\/wp\/v2\/media?parent=827"}],"wp:term":[{"taxonomy":"product_brand","embeddable":true,"href":"https:\/\/arenate.com\/de\/wp-json\/wp\/v2\/product_brand?post=827"},{"taxonomy":"product_cat","embeddable":true,"href":"https:\/\/arenate.com\/de\/wp-json\/wp\/v2\/product_cat?post=827"},{"taxonomy":"product_tag","embeddable":true,"href":"https:\/\/arenate.com\/de\/wp-json\/wp\/v2\/product_tag?post=827"}],"curies":[{"name":"wp","href":"https:\/\/api.w.org\/{rel}","templated":true}]}}